{"id":2599,"date":"2015-07-24T11:53:41","date_gmt":"2015-07-24T10:53:41","guid":{"rendered":"https:\/\/artesanialatina.net\/blog\/colabora-con-nosotros\/"},"modified":"2021-04-23T17:28:14","modified_gmt":"2021-04-23T15:28:14","slug":"collaborez-avec-nous","status":"publish","type":"page","link":"https:\/\/artesanialatina.net\/blog\/fr\/collaborez-avec-nous\/","title":{"rendered":"Collaborez avec nous"},"content":{"rendered":"<p><strong>Souhaitez-vous partager votre exp\u00e9rience avec d&rsquo;autres abonn\u00e9s?<\/strong> Contactez-nous et dites-nous sur quoi vous aimeriez collaborer. Nous publierons votre article avec votre nom et nous le partagerons sur nos r\u00e9seaux sociaux.<\/p>\n<p>Si vous \u00eates int\u00e9ress\u00e9, \u00e9crivez-nous un e-mail \u00e0 <span style=\"color: #3366ff;\">marketing@artesanialatina.net<\/span> ou remplissez le formulaire de contact suivant.<\/p>\n<div id='contact-form-2599'>\n<form action='https:\/\/artesanialatina.net\/blog\/fr\/collaborez-avec-nous\/#contact-form-2599' method='post' class='contact-form commentsblock'>\n<script>\n\t\t\t( function () {\n\t\t\t\tconst contact_forms = document.getElementsByClassName('contact-form');\n\n\t\t\t\tfor ( const form of contact_forms ) {\n\t\t\t\t\tform.onsubmit = function() {\n\t\t\t\t\t\tconst buttons = form.getElementsByTagName('button');\n\n\t\t\t\t\t\tfor( const button of buttons ) {\n\t\t\t\t\t\t\tbutton.setAttribute('disabled', true);\n\t\t\t\t\t\t}\n\t\t\t\t\t}\n\t\t\t\t}\n\t\t\t} )();\n\t\t<\/script>\n<div class='grunion-field-wrap grunion-field-name-wrap'  >\n<label\n\t\t\t\tfor='g2599-nombre'\n\t\t\t\tclass='grunion-field-label name'\n\t\t\t\t>Nombre<span>(obligatoire)<\/span><\/label>\n<input\n\t\t\t\t\ttype='text'\n\t\t\t\t\tname='g2599-nombre'\n\t\t\t\t\tid='g2599-nombre'\n\t\t\t\t\tvalue=''\n\t\t\t\t\tclass='name' \n\t\t\t\t\trequired aria-required='true'\n\t\t\t\t\/>\n\t<\/div>\n\n<div class='grunion-field-wrap grunion-field-email-wrap'  >\n<label\n\t\t\t\tfor='g2599-correoelectrnico'\n\t\t\t\tclass='grunion-field-label email'\n\t\t\t\t>Correo electr\u00f3nico<span>(obligatoire)<\/span><\/label>\n<input\n\t\t\t\t\ttype='email'\n\t\t\t\t\tname='g2599-correoelectrnico'\n\t\t\t\t\tid='g2599-correoelectrnico'\n\t\t\t\t\tvalue=''\n\t\t\t\t\tclass='email' \n\t\t\t\t\trequired aria-required='true'\n\t\t\t\t\/>\n\t<\/div>\n\n<div class='grunion-field-wrap grunion-field-textarea-wrap'  >\n<label\n\t\t\t\tfor='contact-form-comment-g2599-mensaje'\n\t\t\t\tclass='grunion-field-label textarea'\n\t\t\t\t>Mensaje<span>(obligatoire)<\/span><\/label>\n<textarea\n\t\t                name='g2599-mensaje'\n\t\t                id='contact-form-comment-g2599-mensaje'\n\t\t                rows='20' class='textarea'  required aria-required='true'><\/textarea>\n\t<\/div>\n\t<p class='contact-submit'>\n\t\t<button type='submit' class='pushbutton-wide'>Envoyer<\/button>\t\t<input type='hidden' name='contact-form-id' value='2599' \/>\n\t\t<input type='hidden' name='action' value='grunion-contact-form' \/>\n\t\t<input type='hidden' name='contact-form-hash' value='b2b4e75dea9325f49be926f0a9d89cfc014b3b84' \/>\n\t<\/p>\n<\/form>\n<\/div>\n","protected":false},"excerpt":{"rendered":"<p>Souhaitez-vous partager votre exp\u00e9rience avec d&rsquo;autres abonn\u00e9s? Contactez-nous et dites-nous sur quoi vous aimeriez collaborer. Nous publierons votre article avec votre nom et nous le partagerons sur nos r\u00e9seaux sociaux. Si vous \u00eates int\u00e9ress\u00e9, \u00e9crivez-nous un e-mail \u00e0 marketing@artesanialatina.net ou remplissez le formulaire de contact suivant.<\/p>\n","protected":false},"author":4,"featured_media":0,"parent":0,"menu_order":0,"comment_status":"open","ping_status":"open","template":"","meta":{"spay_email":""},"yoast_head":"<!-- This site is optimized with the Yoast SEO plugin v18.2 - https:\/\/yoast.com\/wordpress\/plugins\/seo\/ -->\n<title>Collaborez avec le blog Latin Crafts!<\/title>\n<meta name=\"description\" content=\"Souhaitez-vous partager votre exp\u00e9rience avec d&#039;autres abonn\u00e9s? Contactez-nous et dites-nous sur quoi vous aimeriez collaborer.\" \/>\n<meta name=\"robots\" content=\"index, follow, max-snippet:-1, max-image-preview:large, max-video-preview:-1\" \/>\n<link rel=\"canonical\" href=\"https:\/\/artesanialatina.net\/blog\/fr\/collaborez-avec-nous\/\" \/>\n<meta property=\"og:locale\" content=\"fr_FR\" \/>\n<meta property=\"og:type\" content=\"article\" \/>\n<meta property=\"og:title\" content=\"Collaborez avec le blog Latin Crafts!\" \/>\n<meta property=\"og:description\" content=\"Souhaitez-vous partager votre exp\u00e9rience avec d&#039;autres abonn\u00e9s? Contactez-nous et dites-nous sur quoi vous aimeriez collaborer.\" \/>\n<meta property=\"og:url\" content=\"https:\/\/artesanialatina.net\/blog\/fr\/collaborez-avec-nous\/\" \/>\n<meta property=\"og:site_name\" content=\"El Blog de Artesan\u00eda Latina\" \/>\n<meta property=\"article:publisher\" content=\"https:\/\/www.facebook.com\/ArtesaniaLatina.net\/\" \/>\n<meta property=\"article:modified_time\" content=\"2021-04-23T15:28:14+00:00\" \/>\n<meta name=\"twitter:card\" content=\"summary_large_image\" \/>\n<meta name=\"twitter:site\" content=\"@hobbyartesania\" \/>\n<script type=\"application\/ld+json\" class=\"yoast-schema-graph\">{\"@context\":\"https:\/\/schema.org\",\"@graph\":[{\"@type\":\"Organization\",\"@id\":\"https:\/\/artesanialatina.net\/blog\/#organization\",\"name\":\"Blog de Artesan\u00eda Latina\",\"url\":\"https:\/\/artesanialatina.net\/blog\/\",\"sameAs\":[\"https:\/\/www.facebook.com\/ArtesaniaLatina.net\/\",\"https:\/\/www.instagram.com\/artesanialatina_oficial\/\",\"https:\/\/twitter.com\/hobbyartesania\"],\"logo\":{\"@type\":\"ImageObject\",\"@id\":\"https:\/\/artesanialatina.net\/blog\/#logo\",\"inLanguage\":\"fr-FR\",\"url\":\"https:\/\/artesanialatina.net\/blog\/wp-content\/uploads\/2018\/10\/logo-instagram.jpg\",\"contentUrl\":\"https:\/\/artesanialatina.net\/blog\/wp-content\/uploads\/2018\/10\/logo-instagram.jpg\",\"width\":400,\"height\":400,\"caption\":\"Blog de Artesan\u00eda Latina\"},\"image\":{\"@id\":\"https:\/\/artesanialatina.net\/blog\/#logo\"}},{\"@type\":\"WebSite\",\"@id\":\"https:\/\/artesanialatina.net\/blog\/#website\",\"url\":\"https:\/\/artesanialatina.net\/blog\/\",\"name\":\"El Blog de Artesan\u00eda Latina\",\"description\":\"Construyendo maquetas juntos desde 1970 - Building models together since 1970 - Construisant des maquettes avec vous depuis 1970\",\"publisher\":{\"@id\":\"https:\/\/artesanialatina.net\/blog\/#organization\"},\"potentialAction\":[{\"@type\":\"SearchAction\",\"target\":{\"@type\":\"EntryPoint\",\"urlTemplate\":\"https:\/\/artesanialatina.net\/blog\/?s={search_term_string}\"},\"query-input\":\"required name=search_term_string\"}],\"inLanguage\":\"fr-FR\"},{\"@type\":\"WebPage\",\"@id\":\"https:\/\/artesanialatina.net\/blog\/fr\/collaborez-avec-nous\/#webpage\",\"url\":\"https:\/\/artesanialatina.net\/blog\/fr\/collaborez-avec-nous\/\",\"name\":\"Collaborez avec le blog Latin Crafts!\",\"isPartOf\":{\"@id\":\"https:\/\/artesanialatina.net\/blog\/#website\"},\"datePublished\":\"2015-07-24T10:53:41+00:00\",\"dateModified\":\"2021-04-23T15:28:14+00:00\",\"description\":\"Souhaitez-vous partager votre exp\u00e9rience avec d'autres abonn\u00e9s? Contactez-nous et dites-nous sur quoi vous aimeriez collaborer.\",\"breadcrumb\":{\"@id\":\"https:\/\/artesanialatina.net\/blog\/fr\/collaborez-avec-nous\/#breadcrumb\"},\"inLanguage\":\"fr-FR\",\"potentialAction\":[{\"@type\":\"ReadAction\",\"target\":[\"https:\/\/artesanialatina.net\/blog\/fr\/collaborez-avec-nous\/\"]}]},{\"@type\":\"BreadcrumbList\",\"@id\":\"https:\/\/artesanialatina.net\/blog\/fr\/collaborez-avec-nous\/#breadcrumb\",\"itemListElement\":[{\"@type\":\"ListItem\",\"position\":1,\"name\":\"Blog de ArtesaniaLatina\",\"item\":\"https:\/\/artesanialatina.net\/blog\/\"},{\"@type\":\"ListItem\",\"position\":2,\"name\":\"Collaborez avec nous\"}]}]}<\/script>\n<!-- \/ Yoast SEO plugin. -->","yoast_head_json":{"title":"Collaborez avec le blog Latin Crafts!","description":"Souhaitez-vous partager votre exp\u00e9rience avec d'autres abonn\u00e9s? Contactez-nous et dites-nous sur quoi vous aimeriez collaborer.","robots":{"index":"index","follow":"follow","max-snippet":"max-snippet:-1","max-image-preview":"max-image-preview:large","max-video-preview":"max-video-preview:-1"},"canonical":"https:\/\/artesanialatina.net\/blog\/fr\/collaborez-avec-nous\/","og_locale":"fr_FR","og_type":"article","og_title":"Collaborez avec le blog Latin Crafts!","og_description":"Souhaitez-vous partager votre exp\u00e9rience avec d'autres abonn\u00e9s? Contactez-nous et dites-nous sur quoi vous aimeriez collaborer.","og_url":"https:\/\/artesanialatina.net\/blog\/fr\/collaborez-avec-nous\/","og_site_name":"El Blog de Artesan\u00eda Latina","article_publisher":"https:\/\/www.facebook.com\/ArtesaniaLatina.net\/","article_modified_time":"2021-04-23T15:28:14+00:00","twitter_card":"summary_large_image","twitter_site":"@hobbyartesania","schema":{"@context":"https:\/\/schema.org","@graph":[{"@type":"Organization","@id":"https:\/\/artesanialatina.net\/blog\/#organization","name":"Blog de Artesan\u00eda Latina","url":"https:\/\/artesanialatina.net\/blog\/","sameAs":["https:\/\/www.facebook.com\/ArtesaniaLatina.net\/","https:\/\/www.instagram.com\/artesanialatina_oficial\/","https:\/\/twitter.com\/hobbyartesania"],"logo":{"@type":"ImageObject","@id":"https:\/\/artesanialatina.net\/blog\/#logo","inLanguage":"fr-FR","url":"https:\/\/artesanialatina.net\/blog\/wp-content\/uploads\/2018\/10\/logo-instagram.jpg","contentUrl":"https:\/\/artesanialatina.net\/blog\/wp-content\/uploads\/2018\/10\/logo-instagram.jpg","width":400,"height":400,"caption":"Blog de Artesan\u00eda Latina"},"image":{"@id":"https:\/\/artesanialatina.net\/blog\/#logo"}},{"@type":"WebSite","@id":"https:\/\/artesanialatina.net\/blog\/#website","url":"https:\/\/artesanialatina.net\/blog\/","name":"El Blog de Artesan\u00eda Latina","description":"Construyendo maquetas juntos desde 1970 - Building models together since 1970 - Construisant des maquettes avec vous depuis 1970","publisher":{"@id":"https:\/\/artesanialatina.net\/blog\/#organization"},"potentialAction":[{"@type":"SearchAction","target":{"@type":"EntryPoint","urlTemplate":"https:\/\/artesanialatina.net\/blog\/?s={search_term_string}"},"query-input":"required name=search_term_string"}],"inLanguage":"fr-FR"},{"@type":"WebPage","@id":"https:\/\/artesanialatina.net\/blog\/fr\/collaborez-avec-nous\/#webpage","url":"https:\/\/artesanialatina.net\/blog\/fr\/collaborez-avec-nous\/","name":"Collaborez avec le blog Latin Crafts!","isPartOf":{"@id":"https:\/\/artesanialatina.net\/blog\/#website"},"datePublished":"2015-07-24T10:53:41+00:00","dateModified":"2021-04-23T15:28:14+00:00","description":"Souhaitez-vous partager votre exp\u00e9rience avec d'autres abonn\u00e9s? Contactez-nous et dites-nous sur quoi vous aimeriez collaborer.","breadcrumb":{"@id":"https:\/\/artesanialatina.net\/blog\/fr\/collaborez-avec-nous\/#breadcrumb"},"inLanguage":"fr-FR","potentialAction":[{"@type":"ReadAction","target":["https:\/\/artesanialatina.net\/blog\/fr\/collaborez-avec-nous\/"]}]},{"@type":"BreadcrumbList","@id":"https:\/\/artesanialatina.net\/blog\/fr\/collaborez-avec-nous\/#breadcrumb","itemListElement":[{"@type":"ListItem","position":1,"name":"Blog de ArtesaniaLatina","item":"https:\/\/artesanialatina.net\/blog\/"},{"@type":"ListItem","position":2,"name":"Collaborez avec nous"}]}]}},"jetpack_sharing_enabled":true,"jetpack_likes_enabled":true,"_links":{"self":[{"href":"https:\/\/artesanialatina.net\/blog\/fr\/wp-json\/wp\/v2\/pages\/2599"}],"collection":[{"href":"https:\/\/artesanialatina.net\/blog\/fr\/wp-json\/wp\/v2\/pages"}],"about":[{"href":"https:\/\/artesanialatina.net\/blog\/fr\/wp-json\/wp\/v2\/types\/page"}],"author":[{"embeddable":true,"href":"https:\/\/artesanialatina.net\/blog\/fr\/wp-json\/wp\/v2\/users\/4"}],"replies":[{"embeddable":true,"href":"https:\/\/artesanialatina.net\/blog\/fr\/wp-json\/wp\/v2\/comments?post=2599"}],"version-history":[{"count":1,"href":"https:\/\/artesanialatina.net\/blog\/fr\/wp-json\/wp\/v2\/pages\/2599\/revisions"}],"predecessor-version":[{"id":2604,"href":"https:\/\/artesanialatina.net\/blog\/fr\/wp-json\/wp\/v2\/pages\/2599\/revisions\/2604"}],"wp:attachment":[{"href":"https:\/\/artesanialatina.net\/blog\/fr\/wp-json\/wp\/v2\/media?parent=2599"}],"curies":[{"name":"wp","href":"https:\/\/api.w.org\/{rel}","templated":true}]}}